{"id":151,"date":"2014-10-03T22:05:22","date_gmt":"2014-10-03T20:05:22","guid":{"rendered":"http:\/\/www.vsgoppin.de\/bowling_neu\/?page_id=151"},"modified":"2026-02-11T19:20:47","modified_gmt":"2026-02-11T17:20:47","slug":"meisterschaften","status":"publish","type":"page","link":"https:\/\/www.vsgoppin.de\/bowling\/?page_id=151","title":{"rendered":"Meisterschaften"},"content":{"rendered":"\n<div class=\"wp-block-columns is-layout-flex wp-container-core-columns-is-layout-9d6595d7 wp-block-columns-is-layout-flex\">\n<div class=\"wp-block-column is-layout-flow wp-block-column-is-layout-flow\" style=\"flex-basis:100%\">\n<h4>Termine und Spielorte (Stand 12.08.2025)<\/h4>\n\n<table id=\"tablepress-26\" class=\"tablepress tablepress-id-26\">\n<thead>\n<tr class=\"row-1\">\n\t<th class=\"column-1\">Veranstaltung<\/th><th class=\"column-2\">Datum<\/th><th class=\"column-3\">Ort<\/th><th class=\"column-4\">Startpl\u00e4tze<\/th>\n<\/tr>\n<\/thead>\n<tbody class=\"row-striping row-hover\">\n<tr class=\"row-2\">\n\t<td class=\"column-1\">LMM Mixed<\/td><td class=\"column-2\">04.\/05.10.2025<\/td><td class=\"column-3\">Bowlingcenter Genthin<\/td><td class=\"column-4\">alle<\/td>\n<\/tr>\n<tr class=\"row-3\">\n\t<td class=\"column-1\">LDM Aktive<\/td><td class=\"column-2\">08.\/09.11.2025<\/td><td class=\"column-3\">Bowling Star Halle<\/td><td class=\"column-4\">alle<\/td>\n<\/tr>\n<tr class=\"row-4\">\n\t<td class=\"column-1\">Triopokal Senioren<\/td><td class=\"column-2\">29.11.2025<\/td><td class=\"column-3\">Bowling Star Halle<\/td><td class=\"column-4\">alle<\/td>\n<\/tr>\n<tr class=\"row-5\">\n\t<td class=\"column-1\">LEM Jugend \/ Junioren<\/td><td class=\"column-2\">10.01.2026<\/td><td class=\"column-3\">Bowlingcenter Genthin<\/td><td class=\"column-4\">alle<\/td>\n<\/tr>\n<tr class=\"row-6\">\n\t<td class=\"column-1\">LEM Damen \/ Herren<\/td><td class=\"column-2\">24.\/25.01.2026<\/td><td class=\"column-3\">Bowlingcenter Genthin<\/td><td class=\"column-4\">3 Damen \/ 3 Herren<\/td>\n<\/tr>\n<tr class=\"row-7\">\n\t<td class=\"column-1\">LEM Senioren<\/td><td class=\"column-2\">07.\/08.02.2026<\/td><td class=\"column-3\">Halle \/ Genthin <br \/>\n(in Kl\u00e4rung)<\/td><td class=\"column-4\">alle<\/td>\n<\/tr>\n<tr class=\"row-8\">\n\t<td class=\"column-1\">LDM Senioren<\/td><td class=\"column-2\">21.02.2026<br \/>\n22.02.2026<\/td><td class=\"column-3\">Bowling Star Halle<br \/>\nBowlingcenter Genthin<\/td><td class=\"column-4\">alle<\/td>\n<\/tr>\n<tr class=\"row-9\">\n\t<td class=\"column-1\">Triopokal Damen<br \/>\nTriopokal Herren<\/td><td class=\"column-2\">11.04.2026<\/td><td class=\"column-3\">Bowling Star Halle<\/td><td class=\"column-4\">alle<\/td>\n<\/tr>\n<tr class=\"row-10\">\n\t<td class=\"column-1\">Ranglistenturnier<\/td><td class=\"column-2\">25.04.2026<\/td><td class=\"column-3\">Bowling Star Halle<\/td><td class=\"column-4\">alle<\/td>\n<\/tr>\n<\/tbody>\n<\/table>\n<!-- #tablepress-26 from cache -->\n<hr \/>\n<h4>Ergebnisse (Top 6 &#8211; beim RLT Top 3)<\/h4>\n\n<table id=\"tablepress-27\" class=\"tablepress tablepress-id-27\">\n<thead>\n<tr class=\"row-1\">\n\t<th class=\"column-1\">Meisterschaft<\/th><th class=\"column-2\">Name<\/th><th class=\"column-3\">Platz<\/th>\n<\/tr>\n<\/thead>\n<tbody class=\"row-striping row-hover\">\n<tr class=\"row-2\">\n\t<td class=\"column-1\">RLT Damen D<\/td><td class=\"column-2\">Nicole<\/td><td class=\"column-3\">Platz 1<\/td>\n<\/tr>\n<tr class=\"row-3\">\n\t<td class=\"column-1\">RLT Damen E\/F<\/td><td class=\"column-2\">Sandra<br \/>\nSophia<br \/>\nKatrin und Kerstin<\/td><td class=\"column-3\">Platz 1<br \/>\nPlatz 2<br \/>\nPlatz 3<\/td>\n<\/tr>\n<tr class=\"row-4\">\n\t<td class=\"column-1\">RLT Herren D<\/td><td class=\"column-2\">G\u00fcnter<\/td><td class=\"column-3\">Platz 2<\/td>\n<\/tr>\n<tr class=\"row-5\">\n\t<td class=\"column-1\">RLT Herren E\/F<\/td><td class=\"column-2\">Karsten<\/td><td class=\"column-3\">Platz 3<\/td>\n<\/tr>\n<tr class=\"row-6\">\n\t<td class=\"column-1\">Triopokal Damen<\/td><td class=\"column-2\">Nicole, Anja, Sophia<br \/>\nConny F., Katrin, Reni<\/td><td class=\"column-3\">Platz 1<br \/>\nPlatz 5<\/td>\n<\/tr>\n<tr class=\"row-7\">\n\t<td class=\"column-1\">Triopokal Herren<\/td><td class=\"column-2\">Thomas. Carsten, G\u00fcnter<br \/>\nKarsten, Phil, Ralf<\/td><td class=\"column-3\">Platz 4<br \/>\nPlatz 8<\/td>\n<\/tr>\n<tr class=\"row-8\">\n\t<td class=\"column-1\">LEM Jugend<\/td><td class=\"column-2\">Moritz<\/td><td class=\"column-3\">Platz 2<\/td>\n<\/tr>\n<tr class=\"row-9\">\n\t<td class=\"column-1\">LDM Seniorinnen<\/td><td class=\"column-2\">Conny G. und Sandra<br \/>\nKathrin und Kerstin<\/td><td class=\"column-3\">Platz 3<br \/>\nPlatz 3<\/td>\n<\/tr>\n<tr class=\"row-10\">\n\t<td class=\"column-1\">LDM Senioren<\/td><td class=\"column-2\">Ralf und G\u00fcnter<\/td><td class=\"column-3\">Platz 3<\/td>\n<\/tr>\n<tr class=\"row-11\">\n\t<td class=\"column-1\">LEM Seniorinnen A<\/td><td class=\"column-2\">Katrin<br \/>\nConny Groening<\/td><td class=\"column-3\">Platz 2<br \/>\nPlatz 3<\/td>\n<\/tr>\n<tr class=\"row-12\">\n\t<td class=\"column-1\">LEM Senioren A<\/td><td class=\"column-2\">Andreas<\/td><td class=\"column-3\">Viertelfinale<\/td>\n<\/tr>\n<tr class=\"row-13\">\n\t<td class=\"column-1\">LEM Senioren B<\/td><td class=\"column-2\">G\u00fcnter<\/td><td class=\"column-3\">Platz 3<\/td>\n<\/tr>\n<tr class=\"row-14\">\n\t<td class=\"column-1\">LEM Damen<\/td><td class=\"column-2\">Nicole<\/td><td class=\"column-3\">Platz 3<\/td>\n<\/tr>\n<tr class=\"row-15\">\n\t<td class=\"column-1\">Triopokal Senioren<\/td><td class=\"column-2\">G\u00fcnter, Ralf, Andreas<\/td><td class=\"column-3\">Platz 2<\/td>\n<\/tr>\n<tr class=\"row-16\">\n\t<td class=\"column-1\">LM Doppel - Damen<\/td><td class=\"column-2\">Reni und Katrin<br \/>\nSophia und Stephanie Elze (Stones)<\/td><td class=\"column-3\">Platz 3<br \/>\nViertelfinale<\/td>\n<\/tr>\n<tr class=\"row-17\">\n\t<td class=\"column-1\">LM Mixed<\/td><td class=\"column-2\">Reni und G\u00fcnter<br \/>\nNicole und Thomas<br \/>\nAnja und Carsten<\/td><td class=\"column-3\">Platz 1<br \/>\nPlatz 2<br \/>\nViertelfinale<\/td>\n<\/tr>\n<\/tbody>\n<\/table>\n<!-- #tablepress-27 from cache -->\n<hr \/>\n<h4>Bilder<\/h4>\n\n\n\n<figure class=\"wp-block-image size-large\"><a href=\"https:\/\/www.vsgoppin.de\/bowling\/wp-content\/uploads\/2026\/02\/2026_Seniorinnen_A-scaled.jpg\"><img loading=\"lazy\" decoding=\"async\" width=\"1024\" height=\"807\" src=\"https:\/\/www.vsgoppin.de\/bowling\/wp-content\/uploads\/2026\/02\/2026_Seniorinnen_A-1024x807.jpg\" alt=\"\" class=\"wp-image-3878\" srcset=\"https:\/\/www.vsgoppin.de\/bowling\/wp-content\/uploads\/2026\/02\/2026_Seniorinnen_A-1024x807.jpg 1024w, https:\/\/www.vsgoppin.de\/bowling\/wp-content\/uploads\/2026\/02\/2026_Seniorinnen_A-300x237.jpg 300w, https:\/\/www.vsgoppin.de\/bowling\/wp-content\/uploads\/2026\/02\/2026_Seniorinnen_A-768x606.jpg 768w, https:\/\/www.vsgoppin.de\/bowling\/wp-content\/uploads\/2026\/02\/2026_Seniorinnen_A-1536x1211.jpg 1536w, https:\/\/www.vsgoppin.de\/bowling\/wp-content\/uploads\/2026\/02\/2026_Seniorinnen_A-2048x1615.jpg 2048w\" sizes=\"auto, (max-width: 1024px) 100vw, 1024px\" \/><\/a><figcaption class=\"wp-element-caption\">LEM Seniorinnen A: Platz 2 f\u00fcr Katrin und Platz 3 f\u00fcr Conny<\/figcaption><\/figure>\n\n\n\n<figure class=\"wp-block-image size-large\"><a href=\"https:\/\/www.vsgoppin.de\/bowling\/wp-content\/uploads\/2026\/02\/2026_Senioren_B_Pl3-scaled.jpg\"><img loading=\"lazy\" decoding=\"async\" width=\"1024\" height=\"698\" src=\"https:\/\/www.vsgoppin.de\/bowling\/wp-content\/uploads\/2026\/02\/2026_Senioren_B_Pl3-1024x698.jpg\" alt=\"\" class=\"wp-image-3877\" srcset=\"https:\/\/www.vsgoppin.de\/bowling\/wp-content\/uploads\/2026\/02\/2026_Senioren_B_Pl3-1024x698.jpg 1024w, https:\/\/www.vsgoppin.de\/bowling\/wp-content\/uploads\/2026\/02\/2026_Senioren_B_Pl3-300x205.jpg 300w, https:\/\/www.vsgoppin.de\/bowling\/wp-content\/uploads\/2026\/02\/2026_Senioren_B_Pl3-768x524.jpg 768w, https:\/\/www.vsgoppin.de\/bowling\/wp-content\/uploads\/2026\/02\/2026_Senioren_B_Pl3-1536x1047.jpg 1536w, https:\/\/www.vsgoppin.de\/bowling\/wp-content\/uploads\/2026\/02\/2026_Senioren_B_Pl3-2048x1396.jpg 2048w\" sizes=\"auto, (max-width: 1024px) 100vw, 1024px\" \/><\/a><figcaption class=\"wp-element-caption\">LEM Senioren B: Platz3 f\u00fcr G\u00fcnter<\/figcaption><\/figure>\n\n\n\n<figure class=\"wp-block-image size-large\"><a href=\"https:\/\/www.vsgoppin.de\/bowling\/wp-content\/uploads\/2026\/02\/2025-LEM-Da-Pl3-scaled.jpg\"><img loading=\"lazy\" decoding=\"async\" width=\"831\" height=\"1024\" src=\"https:\/\/www.vsgoppin.de\/bowling\/wp-content\/uploads\/2026\/02\/2025-LEM-Da-Pl3-831x1024.jpg\" alt=\"\" class=\"wp-image-3865\" srcset=\"https:\/\/www.vsgoppin.de\/bowling\/wp-content\/uploads\/2026\/02\/2025-LEM-Da-Pl3-831x1024.jpg 831w, https:\/\/www.vsgoppin.de\/bowling\/wp-content\/uploads\/2026\/02\/2025-LEM-Da-Pl3-243x300.jpg 243w, https:\/\/www.vsgoppin.de\/bowling\/wp-content\/uploads\/2026\/02\/2025-LEM-Da-Pl3-768x946.jpg 768w, https:\/\/www.vsgoppin.de\/bowling\/wp-content\/uploads\/2026\/02\/2025-LEM-Da-Pl3-1246x1536.jpg 1246w, https:\/\/www.vsgoppin.de\/bowling\/wp-content\/uploads\/2026\/02\/2025-LEM-Da-Pl3-1662x2048.jpg 1662w\" sizes=\"auto, (max-width: 831px) 100vw, 831px\" \/><\/a><figcaption class=\"wp-element-caption\">LEM Damen: Platz 3 f\u00fcr Nicole<\/figcaption><\/figure>\n<\/div>\n<\/div>\n\n\n\n<figure class=\"wp-block-image size-large\"><a href=\"https:\/\/www.vsgoppin.de\/bowling\/wp-content\/uploads\/2025\/11\/2025-Trio-Sen-Pl2-scaled.jpg\"><img loading=\"lazy\" decoding=\"async\" width=\"685\" height=\"1024\" src=\"https:\/\/www.vsgoppin.de\/bowling\/wp-content\/uploads\/2025\/11\/2025-Trio-Sen-Pl2-685x1024.jpg\" alt=\"\" class=\"wp-image-3825\" srcset=\"https:\/\/www.vsgoppin.de\/bowling\/wp-content\/uploads\/2025\/11\/2025-Trio-Sen-Pl2-685x1024.jpg 685w, https:\/\/www.vsgoppin.de\/bowling\/wp-content\/uploads\/2025\/11\/2025-Trio-Sen-Pl2-201x300.jpg 201w, https:\/\/www.vsgoppin.de\/bowling\/wp-content\/uploads\/2025\/11\/2025-Trio-Sen-Pl2-768x1147.jpg 768w, https:\/\/www.vsgoppin.de\/bowling\/wp-content\/uploads\/2025\/11\/2025-Trio-Sen-Pl2-1028x1536.jpg 1028w, https:\/\/www.vsgoppin.de\/bowling\/wp-content\/uploads\/2025\/11\/2025-Trio-Sen-Pl2-1371x2048.jpg 1371w, https:\/\/www.vsgoppin.de\/bowling\/wp-content\/uploads\/2025\/11\/2025-Trio-Sen-Pl2-scaled.jpg 1714w\" sizes=\"auto, (max-width: 685px) 100vw, 685px\" \/><\/a><figcaption class=\"wp-element-caption\">Triopokal Senioren: Platz 2 f\u00fcr G\u00fcnter, Ralf, Andreas<\/figcaption><\/figure>\n\n\n\n<figure class=\"wp-block-image size-large\"><a href=\"https:\/\/www.vsgoppin.de\/bowling\/wp-content\/uploads\/2025\/11\/2025-26-LDM-Da-Pl3-scaled.jpg\"><img loading=\"lazy\" decoding=\"async\" width=\"685\" height=\"1024\" src=\"https:\/\/www.vsgoppin.de\/bowling\/wp-content\/uploads\/2025\/11\/2025-26-LDM-Da-Pl3-685x1024.jpg\" alt=\"\" class=\"wp-image-3826\" srcset=\"https:\/\/www.vsgoppin.de\/bowling\/wp-content\/uploads\/2025\/11\/2025-26-LDM-Da-Pl3-685x1024.jpg 685w, https:\/\/www.vsgoppin.de\/bowling\/wp-content\/uploads\/2025\/11\/2025-26-LDM-Da-Pl3-201x300.jpg 201w, https:\/\/www.vsgoppin.de\/bowling\/wp-content\/uploads\/2025\/11\/2025-26-LDM-Da-Pl3-768x1147.jpg 768w, https:\/\/www.vsgoppin.de\/bowling\/wp-content\/uploads\/2025\/11\/2025-26-LDM-Da-Pl3-1028x1536.jpg 1028w, https:\/\/www.vsgoppin.de\/bowling\/wp-content\/uploads\/2025\/11\/2025-26-LDM-Da-Pl3-1371x2048.jpg 1371w, https:\/\/www.vsgoppin.de\/bowling\/wp-content\/uploads\/2025\/11\/2025-26-LDM-Da-Pl3-scaled.jpg 1714w\" sizes=\"auto, (max-width: 685px) 100vw, 685px\" \/><\/a><figcaption class=\"wp-element-caption\">LM Doppel Damen: Platz 3 f\u00fcr Katrin und Reni<\/figcaption><\/figure>\n\n\n\n<figure class=\"wp-block-image size-large\"><a href=\"https:\/\/www.vsgoppin.de\/bowling\/wp-content\/uploads\/2025\/11\/2025-26-LMM-scaled.jpg\"><img loading=\"lazy\" decoding=\"async\" width=\"1024\" height=\"745\" src=\"https:\/\/www.vsgoppin.de\/bowling\/wp-content\/uploads\/2025\/11\/2025-26-LMM-1024x745.jpg\" alt=\"\" class=\"wp-image-3829\" srcset=\"https:\/\/www.vsgoppin.de\/bowling\/wp-content\/uploads\/2025\/11\/2025-26-LMM-1024x745.jpg 1024w, https:\/\/www.vsgoppin.de\/bowling\/wp-content\/uploads\/2025\/11\/2025-26-LMM-300x218.jpg 300w, https:\/\/www.vsgoppin.de\/bowling\/wp-content\/uploads\/2025\/11\/2025-26-LMM-768x559.jpg 768w, https:\/\/www.vsgoppin.de\/bowling\/wp-content\/uploads\/2025\/11\/2025-26-LMM-1536x1118.jpg 1536w, https:\/\/www.vsgoppin.de\/bowling\/wp-content\/uploads\/2025\/11\/2025-26-LMM-2048x1490.jpg 2048w\" sizes=\"auto, (max-width: 1024px) 100vw, 1024px\" \/><\/a><figcaption class=\"wp-element-caption\">LM Mixed: Titel f\u00fcr Reni und G\u00fcnter, Platz 2 f\u00fcr Nicole und Thomas<\/figcaption><\/figure>\n","protected":false},"excerpt":{"rendered":"<p>Termine und Spielorte (Stand 12.08.2025) Ergebnisse (Top 6 &#8211; beim RLT Top 3) Bilder<\/p>\n","protected":false},"author":1,"featured_media":0,"parent":0,"menu_order":0,"comment_status":"open","ping_status":"closed","template":"","meta":{"footnotes":""},"class_list":["post-151","page","type-page","status-publish","hentry"],"_links":{"self":[{"href":"https:\/\/www.vsgoppin.de\/bowling\/index.php?rest_route=\/wp\/v2\/pages\/151","targetHints":{"allow":["GET"]}}],"collection":[{"href":"https:\/\/www.vsgoppin.de\/bowling\/index.php?rest_route=\/wp\/v2\/pages"}],"about":[{"href":"https:\/\/www.vsgoppin.de\/bowling\/index.php?rest_route=\/wp\/v2\/types\/page"}],"author":[{"embeddable":true,"href":"https:\/\/www.vsgoppin.de\/bowling\/index.php?rest_route=\/wp\/v2\/users\/1"}],"replies":[{"embeddable":true,"href":"https:\/\/www.vsgoppin.de\/bowling\/index.php?rest_route=%2Fwp%2Fv2%2Fcomments&post=151"}],"version-history":[{"count":166,"href":"https:\/\/www.vsgoppin.de\/bowling\/index.php?rest_route=\/wp\/v2\/pages\/151\/revisions"}],"predecessor-version":[{"id":3929,"href":"https:\/\/www.vsgoppin.de\/bowling\/index.php?rest_route=\/wp\/v2\/pages\/151\/revisions\/3929"}],"wp:attachment":[{"href":"https:\/\/www.vsgoppin.de\/bowling\/index.php?rest_route=%2Fwp%2Fv2%2Fmedia&parent=151"}],"curies":[{"name":"wp","href":"https:\/\/api.w.org\/{rel}","templated":true}]}}