{"id":162,"date":"2014-10-03T22:27:15","date_gmt":"2014-10-03T20:27:15","guid":{"rendered":"http:\/\/www.vsgoppin.de\/bowling_neu\/?page_id=162"},"modified":"2026-02-15T22:10:55","modified_gmt":"2026-02-15T20:10:55","slug":"eigene-turniere","status":"publish","type":"page","link":"https:\/\/www.vsgoppin.de\/bowling\/?page_id=162","title":{"rendered":"Eigene Turniere"},"content":{"rendered":"<hr \/>\n<h6>In jedem Jahr f\u00fchren wir 3 eigene Turniere f\u00fcr alle Mitglieder<br \/>\ndes Vereins durch.<\/h6>\n<ul>\n<li>im Sommer als Saisonabschluss das vereinsinterne Mixed f\u00fcr alle Mitglieder<span style=\"line-height: 1.5;\"><span style=\"line-height: 1.5;\">,<\/span><\/span><\/li>\n<li>\u00a0kurz vor Beginn der Ligaspielsaison den Moorkecker-Cup als Mannschaftsturnier mit eingeladenen Gastmannschaften,<\/li>\n<li>im Dezember das vereinsinterne Weihnachtsturnier als \u00a0Einzelturnier.<\/li>\n<\/ul>\n<hr \/>\n<p><strong><span style=\"text-decoration: underline;\">Die Termine f\u00fcr das Jahr 2026:<\/span><\/strong><\/p>\n<p><strong>25.07.26\u00a0 \u00a0 \u00a0 \u00a0Moorkecker-Cup\u00a0 (Start 9:30 Uhr)<br \/>\n<\/strong><strong>xx.xx.26\u00a0 \u00a0 \u00a0 \u00a0Vereinsinternes Mixed (Start 10:00 Uhr)<\/strong><strong><br \/>\n<\/strong><span style=\"color: #000000;\"><strong>xx.xx.26\u00a0 \u00a0 \u00a0 Weihnachtsturnier<br \/>\n<\/strong><\/span><strong><span style=\"color: #000000;\">xx.xx.26\u00a0 \u00a0 \u00a0 Weihnachtsfeier<\/span><br \/>\n<\/strong>Bei den Turnieren ist jeweils 30 Minuten vorher &#8222;Treff&#8220;.<\/p>\n","protected":false},"excerpt":{"rendered":"<p>In jedem Jahr f\u00fchren wir 3 eigene Turniere f\u00fcr alle Mitglieder des Vereins durch. im Sommer als Saisonabschluss das vereinsinterne Mixed f\u00fcr alle Mitglieder, \u00a0kurz vor Beginn der Ligaspielsaison den Moorkecker-Cup als Mannschaftsturnier mit eingeladenen Gastmannschaften, im Dezember das vereinsinterne Weihnachtsturnier als \u00a0Einzelturnier. Die Termine f\u00fcr das Jahr 2026: 25.07.26\u00a0 \u00a0 \u00a0 \u00a0Moorkecker-Cup\u00a0 (Start 9:30 &hellip; <a href=\"https:\/\/www.vsgoppin.de\/bowling\/?page_id=162\" class=\"more-link\"><span class=\"screen-reader-text\">Eigene Turniere<\/span> weiterlesen <span class=\"meta-nav\">&rarr;<\/span><\/a><\/p>\n","protected":false},"author":1,"featured_media":0,"parent":0,"menu_order":0,"comment_status":"closed","ping_status":"closed","template":"","meta":{"footnotes":""},"class_list":["post-162","page","type-page","status-publish","hentry"],"_links":{"self":[{"href":"https:\/\/www.vsgoppin.de\/bowling\/index.php?rest_route=\/wp\/v2\/pages\/162","targetHints":{"allow":["GET"]}}],"collection":[{"href":"https:\/\/www.vsgoppin.de\/bowling\/index.php?rest_route=\/wp\/v2\/pages"}],"about":[{"href":"https:\/\/www.vsgoppin.de\/bowling\/index.php?rest_route=\/wp\/v2\/types\/page"}],"author":[{"embeddable":true,"href":"https:\/\/www.vsgoppin.de\/bowling\/index.php?rest_route=\/wp\/v2\/users\/1"}],"replies":[{"embeddable":true,"href":"https:\/\/www.vsgoppin.de\/bowling\/index.php?rest_route=%2Fwp%2Fv2%2Fcomments&post=162"}],"version-history":[{"count":32,"href":"https:\/\/www.vsgoppin.de\/bowling\/index.php?rest_route=\/wp\/v2\/pages\/162\/revisions"}],"predecessor-version":[{"id":3892,"href":"https:\/\/www.vsgoppin.de\/bowling\/index.php?rest_route=\/wp\/v2\/pages\/162\/revisions\/3892"}],"wp:attachment":[{"href":"https:\/\/www.vsgoppin.de\/bowling\/index.php?rest_route=%2Fwp%2Fv2%2Fmedia&parent=162"}],"curies":[{"name":"wp","href":"https:\/\/api.w.org\/{rel}","templated":true}]}}