{"id":181,"date":"2014-10-03T22:34:41","date_gmt":"2014-10-03T20:34:41","guid":{"rendered":"http:\/\/www.vsgoppin.de\/bowling_neu\/?page_id=181"},"modified":"2018-03-29T17:48:11","modified_gmt":"2018-03-29T15:48:11","slug":"sponsoren","status":"publish","type":"page","link":"https:\/\/www.vsgoppin.de\/bowling\/?page_id=181","title":{"rendered":"Sponsoren"},"content":{"rendered":"<hr \/>\n<p>Wir bedanken uns bei allen Sponsoren, die unsere Bowlingsektion mit Geld- und Sachspenden unterst\u00fctzen; auch denen, die hier nicht genannt werden wollen.<br \/>\nWir hoffen auch in Zukunft auf weitere tatkr\u00e4ftige Unters\u00fctzung f\u00fcr unsere Sektion.<\/p>\n<p><span style=\"text-decoration: underline;\">Sponsoren und Links:<\/span><\/p>\n<p><a href=\"http:\/\/www.bowling-star.de\/\" target=\"_blank\" rel=\"noopener\"><img loading=\"lazy\" decoding=\"async\" class=\"alignleft wp-image-375 size-full\" src=\"https:\/\/www.vsgoppin.de\/bowling\/wp-content\/uploads\/2014\/10\/bowling-star.jpg\" alt=\"bowling-star\" width=\"306\" height=\"227\" srcset=\"https:\/\/www.vsgoppin.de\/bowling\/wp-content\/uploads\/2014\/10\/bowling-star.jpg 306w, https:\/\/www.vsgoppin.de\/bowling\/wp-content\/uploads\/2014\/10\/bowling-star-300x222.jpg 300w\" sizes=\"auto, (max-width: 306px) 100vw, 306px\" \/><\/a><\/p>\n<p>&nbsp;<\/p>\n<p>&nbsp;<\/p>\n<p>&nbsp;<\/p>\n<p>&nbsp;<\/p>\n<p>&nbsp;<\/p>\n<p>&nbsp;<\/p>\n<p><a href=\"https:\/\/www.vsgoppin.de\/bowling\/wp-content\/uploads\/2014\/10\/moorkecker.jpg\"><img loading=\"lazy\" decoding=\"async\" class=\"alignleft size-full wp-image-376\" src=\"https:\/\/www.vsgoppin.de\/bowling\/wp-content\/uploads\/2014\/10\/moorkecker.jpg\" alt=\"moorkecker\" width=\"338\" height=\"149\" srcset=\"https:\/\/www.vsgoppin.de\/bowling\/wp-content\/uploads\/2014\/10\/moorkecker.jpg 338w, https:\/\/www.vsgoppin.de\/bowling\/wp-content\/uploads\/2014\/10\/moorkecker-300x132.jpg 300w\" sizes=\"auto, (max-width: 338px) 100vw, 338px\" \/><\/a><\/p>\n<p>&nbsp;<\/p>\n","protected":false},"excerpt":{"rendered":"<p>Wir bedanken uns bei allen Sponsoren, die unsere Bowlingsektion mit Geld- und Sachspenden unterst\u00fctzen; auch denen, die hier nicht genannt werden wollen. Wir hoffen auch in Zukunft auf weitere tatkr\u00e4ftige Unters\u00fctzung f\u00fcr unsere Sektion. Sponsoren und Links: &nbsp; &nbsp; &nbsp; &nbsp; &nbsp; &nbsp; &nbsp;<\/p>\n","protected":false},"author":1,"featured_media":0,"parent":0,"menu_order":0,"comment_status":"closed","ping_status":"closed","template":"","meta":{"footnotes":""},"class_list":["post-181","page","type-page","status-publish","hentry"],"_links":{"self":[{"href":"https:\/\/www.vsgoppin.de\/bowling\/index.php?rest_route=\/wp\/v2\/pages\/181","targetHints":{"allow":["GET"]}}],"collection":[{"href":"https:\/\/www.vsgoppin.de\/bowling\/index.php?rest_route=\/wp\/v2\/pages"}],"about":[{"href":"https:\/\/www.vsgoppin.de\/bowling\/index.php?rest_route=\/wp\/v2\/types\/page"}],"author":[{"embeddable":true,"href":"https:\/\/www.vsgoppin.de\/bowling\/index.php?rest_route=\/wp\/v2\/users\/1"}],"replies":[{"embeddable":true,"href":"https:\/\/www.vsgoppin.de\/bowling\/index.php?rest_route=%2Fwp%2Fv2%2Fcomments&post=181"}],"version-history":[{"count":6,"href":"https:\/\/www.vsgoppin.de\/bowling\/index.php?rest_route=\/wp\/v2\/pages\/181\/revisions"}],"predecessor-version":[{"id":1698,"href":"https:\/\/www.vsgoppin.de\/bowling\/index.php?rest_route=\/wp\/v2\/pages\/181\/revisions\/1698"}],"wp:attachment":[{"href":"https:\/\/www.vsgoppin.de\/bowling\/index.php?rest_route=%2Fwp%2Fv2%2Fmedia&parent=181"}],"curies":[{"name":"wp","href":"https:\/\/api.w.org\/{rel}","templated":true}]}}