{"id":20,"date":"2014-09-21T22:09:25","date_gmt":"2014-09-21T20:09:25","guid":{"rendered":"http:\/\/www.vsgoppin.de\/bowling_neu\/?page_id=20"},"modified":"2026-04-12T20:04:49","modified_gmt":"2026-04-12T18:04:49","slug":"startseite","status":"publish","type":"page","link":"https:\/\/www.vsgoppin.de\/bowling\/","title":{"rendered":"Startseite"},"content":{"rendered":"<hr \/>\n<h2 style=\"text-align: center;\">\u00a0<strong>Hallo Sportfreunde,<\/strong><\/h2>\n<h2 style=\"text-align: center;\"><strong>Ihr befindet euch auf der Homepage der VSG Oppin &#8211; Bowling.<\/strong><\/h2>\n<h6 style=\"text-align: center;\">Hier findet ihr alles zu den aktuellen Spieltagen, Kommentare, R\u00fcckblicke, eigene Turniere, Bilder usw.<\/h6>\n<hr \/>\n<h4 style=\"text-align: center;\"><span style=\"color: #ff0000;\">NEWS<\/span><\/h4>\n<h5><span style=\"color: #ff0000;\">News vom 11.04.2026<br \/>\n<\/span>Die Damen siegen beim Triopokal, die Herren landen auf dem undankbaren 4. Platz.<\/h5>\n<h5><span style=\"color: #ff0000;\">News vom 07.02.2026<br \/>\n<\/span>Im Einzel der Seniorinnen A gibt es Platz 2 f\u00fcr Katrin und Platz 3 f\u00fcr Conny Groening. G\u00fcnter holt Platz 3 bei den<br \/>\nSenioren B.<\/h5>\n<h5><span style=\"color: #ff0000;\">News vom 25.01.2026<br \/>\n<\/span>Platz 3 im Einzel f\u00fcr Nicole.<\/h5>\n","protected":false},"excerpt":{"rendered":"<p>\u00a0Hallo Sportfreunde, Ihr befindet euch auf der Homepage der VSG Oppin &#8211; Bowling. Hier findet ihr alles zu den aktuellen Spieltagen, Kommentare, R\u00fcckblicke, eigene Turniere, Bilder usw. NEWS News vom 11.04.2026 Die Damen siegen beim Triopokal, die Herren landen auf dem undankbaren 4. Platz. News vom 07.02.2026 Im Einzel der Seniorinnen A gibt es Platz &hellip; <a href=\"https:\/\/www.vsgoppin.de\/bowling\/\" class=\"more-link\"><span class=\"screen-reader-text\">Startseite<\/span> weiterlesen <span class=\"meta-nav\">&rarr;<\/span><\/a><\/p>\n","protected":false},"author":1,"featured_media":0,"parent":0,"menu_order":0,"comment_status":"closed","ping_status":"closed","template":"","meta":{"footnotes":""},"class_list":["post-20","page","type-page","status-publish","hentry"],"_links":{"self":[{"href":"https:\/\/www.vsgoppin.de\/bowling\/index.php?rest_route=\/wp\/v2\/pages\/20","targetHints":{"allow":["GET"]}}],"collection":[{"href":"https:\/\/www.vsgoppin.de\/bowling\/index.php?rest_route=\/wp\/v2\/pages"}],"about":[{"href":"https:\/\/www.vsgoppin.de\/bowling\/index.php?rest_route=\/wp\/v2\/types\/page"}],"author":[{"embeddable":true,"href":"https:\/\/www.vsgoppin.de\/bowling\/index.php?rest_route=\/wp\/v2\/users\/1"}],"replies":[{"embeddable":true,"href":"https:\/\/www.vsgoppin.de\/bowling\/index.php?rest_route=%2Fwp%2Fv2%2Fcomments&post=20"}],"version-history":[{"count":192,"href":"https:\/\/www.vsgoppin.de\/bowling\/index.php?rest_route=\/wp\/v2\/pages\/20\/revisions"}],"predecessor-version":[{"id":3916,"href":"https:\/\/www.vsgoppin.de\/bowling\/index.php?rest_route=\/wp\/v2\/pages\/20\/revisions\/3916"}],"wp:attachment":[{"href":"https:\/\/www.vsgoppin.de\/bowling\/index.php?rest_route=%2Fwp%2Fv2%2Fmedia&parent=20"}],"curies":[{"name":"wp","href":"https:\/\/api.w.org\/{rel}","templated":true}]}}