{"id":20,"date":"2014-09-21T22:09:25","date_gmt":"2014-09-21T20:09:25","guid":{"rendered":"http:\/\/www.vsgoppin.de\/bowling_neu\/?page_id=20"},"modified":"2026-04-19T20:30:45","modified_gmt":"2026-04-19T18:30:45","slug":"startseite","status":"publish","type":"page","link":"https:\/\/www.vsgoppin.de\/fussball\/","title":{"rendered":"Startseite"},"content":{"rendered":"<hr \/>\n<h1><span style=\"color: #ff0000;\">Herzlich Willkommen &#8230;<\/span><\/h1>\n<p><b>&#8230; bei der Abteilung Fu\u00dfball der VSG Oppin e.V.<\/b><\/p>\n<p><strong>Diese Website wird momentan \u00fcberarbeitet. Mehr Informationen folgen demn\u00e4chst&#8230; <\/strong><\/p>\n<hr \/>\n<p><img loading=\"lazy\" decoding=\"async\" class=\"size-full wp-image-747 aligncenter\" src=\"http:\/\/www.vsgoppin.de\/fussball\/wp-content\/uploads\/2022\/08\/BMWK_NKI_Gefoerdert_RGB_DE_2022_quer.png\" alt=\"\" width=\"1302\" height=\"732\" srcset=\"https:\/\/www.vsgoppin.de\/fussball\/wp-content\/uploads\/2022\/08\/BMWK_NKI_Gefoerdert_RGB_DE_2022_quer.png 1302w, https:\/\/www.vsgoppin.de\/fussball\/wp-content\/uploads\/2022\/08\/BMWK_NKI_Gefoerdert_RGB_DE_2022_quer-300x169.png 300w, https:\/\/www.vsgoppin.de\/fussball\/wp-content\/uploads\/2022\/08\/BMWK_NKI_Gefoerdert_RGB_DE_2022_quer-1024x576.png 1024w, https:\/\/www.vsgoppin.de\/fussball\/wp-content\/uploads\/2022\/08\/BMWK_NKI_Gefoerdert_RGB_DE_2022_quer-768x432.png 768w\" sizes=\"auto, (max-width: 1302px) 100vw, 1302px\" \/><\/p>\n","protected":false},"excerpt":{"rendered":"<p>Herzlich Willkommen &#8230; &#8230; bei der Abteilung Fu\u00dfball der VSG Oppin e.V. Diese Website wird momentan \u00fcberarbeitet. Mehr Informationen folgen demn\u00e4chst&#8230;<\/p>\n","protected":false},"author":1,"featured_media":0,"parent":0,"menu_order":0,"comment_status":"closed","ping_status":"closed","template":"","meta":{"footnotes":""},"class_list":["post-20","page","type-page","status-publish","hentry"],"_links":{"self":[{"href":"https:\/\/www.vsgoppin.de\/fussball\/index.php?rest_route=\/wp\/v2\/pages\/20","targetHints":{"allow":["GET"]}}],"collection":[{"href":"https:\/\/www.vsgoppin.de\/fussball\/index.php?rest_route=\/wp\/v2\/pages"}],"about":[{"href":"https:\/\/www.vsgoppin.de\/fussball\/index.php?rest_route=\/wp\/v2\/types\/page"}],"author":[{"embeddable":true,"href":"https:\/\/www.vsgoppin.de\/fussball\/index.php?rest_route=\/wp\/v2\/users\/1"}],"replies":[{"embeddable":true,"href":"https:\/\/www.vsgoppin.de\/fussball\/index.php?rest_route=%2Fwp%2Fv2%2Fcomments&post=20"}],"version-history":[{"count":46,"href":"https:\/\/www.vsgoppin.de\/fussball\/index.php?rest_route=\/wp\/v2\/pages\/20\/revisions"}],"predecessor-version":[{"id":850,"href":"https:\/\/www.vsgoppin.de\/fussball\/index.php?rest_route=\/wp\/v2\/pages\/20\/revisions\/850"}],"wp:attachment":[{"href":"https:\/\/www.vsgoppin.de\/fussball\/index.php?rest_route=%2Fwp%2Fv2%2Fmedia&parent=20"}],"curies":[{"name":"wp","href":"https:\/\/api.w.org\/{rel}","templated":true}]}}