{"id":20,"date":"2014-09-21T22:09:25","date_gmt":"2014-09-21T20:09:25","guid":{"rendered":"http:\/\/www.vsgoppin.de\/bowling_neu\/?page_id=20"},"modified":"2025-02-16T19:00:13","modified_gmt":"2025-02-16T17:00:13","slug":"startseite","status":"publish","type":"page","link":"https:\/\/www.vsgoppin.de\/gymnastik\/","title":{"rendered":"Startseite"},"content":{"rendered":"<h1><span style=\"color: #ff0000;\">Willkommen &#8230;<\/span><\/h1>\n<p><b>&#8230; bei der Sektion Gymnastik des VSG Oppin e.V.<\/b><\/p>\n<p><strong>Unsere Gruppe wurde am 12.04.1978 gegr\u00fcndet und konnte <\/strong><strong>somit am 18.04.18 <\/strong><strong>unser 40-j\u00e4hriges Bestehen feiern. Inzwischen sind weitere Jahre ins Land gegangen. Bis zum 50-J\u00e4hrigen fehlen nur noch wenige Jahre.<br \/><\/strong><strong>Von den ehemals 33 Mitgliedern in 1978 sind bis heute noch 5 Gr\u00fcndungsmitglieder aktiv dabei!<\/strong><\/p>\n<p><strong>Zur Zeit geh\u00f6ren 22 Frauen im Alter von 60 bis 86 Jahre (Stand Januar 2025) zur Gymnastikgruppe. Unser Durchschnittsalter liegt bei 73 Jahren und die durchschnittliche Mitgliedschaft bei 23<br \/>Jahren.<\/strong><\/p>\n<p><strong>Das \u00dcbungsprogramm umfasst allgemeine Fitness\u00fcbungen mit<br \/>Pezzi-Ball, Hanteln und Theraband nach Musik unter Leitung von<br \/>Vera Steinert und wird im Sommer durch Outdoor-Aktivit\u00e4ten<br \/>erg\u00e4nzt.<\/strong><\/p>\n<p><strong>\u00dcbungszeit: Dienstag 15.00 \u2013 16.00 Uhr<\/strong><\/p>\n<p><strong>\u00dcbungsort:\u00a0 Turnhalle Niemberg<\/strong><\/p>\n<p><strong>Neben der eigentlichen sportlichen Ert\u00fcchtigung ist es unseren<br \/>Mitgliedern ein Anliegen, sich aktiv am Geschehen in der<br \/>Gemeinde zu beteiligen. Die Gymnastikfrauen \u00fcbernehmen bei<br \/>Gemeindefesten (Parkfest, Chorkonzert) den, Kuchenbasar. Die<br \/>jeweiligen Erl\u00f6se werden f\u00fcr einen guten Zweck gespendet, wie<br \/>Klinik-Clowns, Wir Helfen, Verein zur F\u00f6rderung Krebskranker<br \/>Kinder, Kinderherzkammer, Kleinstwohnheim Caritas, etc.<\/strong><\/p>\n<hr \/>\n<h1><span style=\"color: #ff0000;\">Bilder<\/span><\/h1>\n<p><strong><span style=\"color: #000000;\">(zum Vergr\u00f6\u00dfern Bild anklicken)<\/span><\/strong><\/p>\n\n\n<p><\/p>\n\n\n\n<figure class=\"wp-block-image size-full\"><a href=\"http:\/\/www.vsgoppin.de\/gymnastik\/wp-content\/uploads\/2025\/01\/Sportgruppe-Internet-2025.jpg\"><img loading=\"lazy\" decoding=\"async\" width=\"960\" height=\"720\" src=\"http:\/\/www.vsgoppin.de\/gymnastik\/wp-content\/uploads\/2025\/01\/Sportgruppe-Internet-2025.jpg\" alt=\"\" class=\"wp-image-568\" srcset=\"https:\/\/www.vsgoppin.de\/gymnastik\/wp-content\/uploads\/2025\/01\/Sportgruppe-Internet-2025.jpg 960w, https:\/\/www.vsgoppin.de\/gymnastik\/wp-content\/uploads\/2025\/01\/Sportgruppe-Internet-2025-300x225.jpg 300w, https:\/\/www.vsgoppin.de\/gymnastik\/wp-content\/uploads\/2025\/01\/Sportgruppe-Internet-2025-768x576.jpg 768w\" sizes=\"auto, (max-width: 960px) 100vw, 960px\" \/><\/a><\/figure>\n","protected":false},"excerpt":{"rendered":"<p>Willkommen &#8230; &#8230; bei der Sektion Gymnastik des VSG Oppin e.V. Unsere Gruppe wurde am 12.04.1978 gegr\u00fcndet und konnte somit am 18.04.18 unser 40-j\u00e4hriges Bestehen feiern. Inzwischen sind weitere Jahre ins Land gegangen. Bis zum 50-J\u00e4hrigen fehlen nur noch wenige Jahre.Von den ehemals 33 Mitgliedern in 1978 sind bis heute noch 5 Gr\u00fcndungsmitglieder aktiv dabei! &hellip; <a href=\"https:\/\/www.vsgoppin.de\/gymnastik\/\" class=\"more-link\"><span class=\"screen-reader-text\">Startseite<\/span> weiterlesen <span class=\"meta-nav\">&rarr;<\/span><\/a><\/p>\n","protected":false},"author":1,"featured_media":0,"parent":0,"menu_order":0,"comment_status":"closed","ping_status":"closed","template":"","meta":{"footnotes":""},"class_list":["post-20","page","type-page","status-publish","hentry"],"_links":{"self":[{"href":"https:\/\/www.vsgoppin.de\/gymnastik\/index.php?rest_route=\/wp\/v2\/pages\/20","targetHints":{"allow":["GET"]}}],"collection":[{"href":"https:\/\/www.vsgoppin.de\/gymnastik\/index.php?rest_route=\/wp\/v2\/pages"}],"about":[{"href":"https:\/\/www.vsgoppin.de\/gymnastik\/index.php?rest_route=\/wp\/v2\/types\/page"}],"author":[{"embeddable":true,"href":"https:\/\/www.vsgoppin.de\/gymnastik\/index.php?rest_route=\/wp\/v2\/users\/1"}],"replies":[{"embeddable":true,"href":"https:\/\/www.vsgoppin.de\/gymnastik\/index.php?rest_route=%2Fwp%2Fv2%2Fcomments&post=20"}],"version-history":[{"count":41,"href":"https:\/\/www.vsgoppin.de\/gymnastik\/index.php?rest_route=\/wp\/v2\/pages\/20\/revisions"}],"predecessor-version":[{"id":575,"href":"https:\/\/www.vsgoppin.de\/gymnastik\/index.php?rest_route=\/wp\/v2\/pages\/20\/revisions\/575"}],"wp:attachment":[{"href":"https:\/\/www.vsgoppin.de\/gymnastik\/index.php?rest_route=%2Fwp%2Fv2%2Fmedia&parent=20"}],"curies":[{"name":"wp","href":"https:\/\/api.w.org\/{rel}","templated":true}]}}